{"id":4327,"date":"2022-01-20T13:54:09","date_gmt":"2022-01-20T13:54:09","guid":{"rendered":"https:\/\/sahara.mk\/?post_type=product&#038;p=4327"},"modified":"2026-03-06T18:37:50","modified_gmt":"2026-03-06T18:37:50","slug":"lollis-liquid-matte-lipstick","status":"publish","type":"product","link":"https:\/\/sahara.mk\/sq\/produkt\/lollis-liquid-matte-lipstick\/","title":{"rendered":"Lollis T\u00eb L\u00ebngshme Buz\u00ebkuq Mat"},"content":{"rendered":"","protected":false},"excerpt":{"rendered":"","protected":false},"featured_media":4339,"comment_status":"open","ping_status":"closed","template":"","meta":{"_joinchat":[]},"product_cat":[83],"product_tag":[],"class_list":["post-4327","product","type-product","status-publish","has-post-thumbnail","hentry","product_cat-liquid-lipstick"],"_links":{"self":[{"href":"https:\/\/sahara.mk\/sq\/wp-json\/wp\/v2\/product\/4327","targetHints":{"allow":["GET"]}}],"collection":[{"href":"https:\/\/sahara.mk\/sq\/wp-json\/wp\/v2\/product"}],"about":[{"href":"https:\/\/sahara.mk\/sq\/wp-json\/wp\/v2\/types\/product"}],"replies":[{"embeddable":true,"href":"https:\/\/sahara.mk\/sq\/wp-json\/wp\/v2\/comments?post=4327"}],"wp:featuredmedia":[{"embeddable":true,"href":"https:\/\/sahara.mk\/sq\/wp-json\/wp\/v2\/media\/4339"}],"wp:attachment":[{"href":"https:\/\/sahara.mk\/sq\/wp-json\/wp\/v2\/media?parent=4327"}],"wp:term":[{"taxonomy":"product_cat","embeddable":true,"href":"https:\/\/sahara.mk\/sq\/wp-json\/wp\/v2\/product_cat?post=4327"},{"taxonomy":"product_tag","embeddable":true,"href":"https:\/\/sahara.mk\/sq\/wp-json\/wp\/v2\/product_tag?post=4327"}],"curies":[{"name":"wp","href":"https:\/\/api.w.org\/{rel}","templated":true}]}}