{"id":3118,"date":"2021-12-06T14:03:11","date_gmt":"2021-12-06T14:03:11","guid":{"rendered":"https:\/\/sahara.mk\/?post_type=product&#038;p=3118"},"modified":"2024-03-27T14:47:02","modified_gmt":"2024-03-27T14:47:02","slug":"maybelline-lash-sensational-very-black-mascara","status":"publish","type":"product","link":"https:\/\/sahara.mk\/sq\/produkt\/maybelline-lash-sensational-very-black-mascara\/","title":{"rendered":"Maybelline Lash Bujshme Shum\u00eb T\u00eb Zez\u00eb Boj\u00eb P\u00ebr Vetulla"},"content":{"rendered":"","protected":false},"excerpt":{"rendered":"<p>Our first LAYER-REVEAL brush: Inner bristles capture the tiniest lashes you didn\u2019t know you had whilst outer bristles volumise &amp; define the look of longer lashes.<br \/>\nFrom corner to corner, top to bottom, no lash is left behind.<br \/>\nOur liquid ink formula, with a low wax count creates the blackest of black lashes that are so dark and defined.<br \/>\nLayers can be built without clumping.<\/p>","protected":false},"featured_media":3119,"comment_status":"open","ping_status":"closed","template":"","meta":{"_joinchat":[]},"product_cat":[72],"product_tag":[],"class_list":["post-3118","product","type-product","status-publish","has-post-thumbnail","hentry","product_cat-eye-mascara"],"_links":{"self":[{"href":"https:\/\/sahara.mk\/sq\/wp-json\/wp\/v2\/product\/3118","targetHints":{"allow":["GET"]}}],"collection":[{"href":"https:\/\/sahara.mk\/sq\/wp-json\/wp\/v2\/product"}],"about":[{"href":"https:\/\/sahara.mk\/sq\/wp-json\/wp\/v2\/types\/product"}],"replies":[{"embeddable":true,"href":"https:\/\/sahara.mk\/sq\/wp-json\/wp\/v2\/comments?post=3118"}],"wp:featuredmedia":[{"embeddable":true,"href":"https:\/\/sahara.mk\/sq\/wp-json\/wp\/v2\/media\/3119"}],"wp:attachment":[{"href":"https:\/\/sahara.mk\/sq\/wp-json\/wp\/v2\/media?parent=3118"}],"wp:term":[{"taxonomy":"product_cat","embeddable":true,"href":"https:\/\/sahara.mk\/sq\/wp-json\/wp\/v2\/product_cat?post=3118"},{"taxonomy":"product_tag","embeddable":true,"href":"https:\/\/sahara.mk\/sq\/wp-json\/wp\/v2\/product_tag?post=3118"}],"curies":[{"name":"wp","href":"https:\/\/api.w.org\/{rel}","templated":true}]}}