{"id":3114,"date":"2021-12-06T13:56:59","date_gmt":"2021-12-06T13:56:59","guid":{"rendered":"https:\/\/sahara.mk\/?post_type=product&#038;p=3114"},"modified":"2024-03-27T14:48:58","modified_gmt":"2024-03-27T14:48:58","slug":"maybelline-the-colossal-go-extreme-mascara","status":"publish","type":"product","link":"https:\/\/sahara.mk\/sq\/produkt\/maybelline-the-colossal-go-extreme-mascara\/","title":{"rendered":"Maybelline E Kolosale T\u00eb Shkojn\u00eb Ekstreme Boj\u00eb P\u00ebr Vetulla"},"content":{"rendered":"","protected":false},"excerpt":{"rendered":"<p>Want bolder? bigger? No limits for your lashes! Our first double curved stem is designed to deposit an extra shot of volume onto the supersized brush. 20x Collagen Boost*. A Colossal Charged Look! *vs Colossal orginal #IGOEXTREME<\/p>","protected":false},"featured_media":3115,"comment_status":"open","ping_status":"closed","template":"","meta":{"_joinchat":[]},"product_cat":[72],"product_tag":[],"class_list":["post-3114","product","type-product","status-publish","has-post-thumbnail","hentry","product_cat-eye-mascara"],"_links":{"self":[{"href":"https:\/\/sahara.mk\/sq\/wp-json\/wp\/v2\/product\/3114","targetHints":{"allow":["GET"]}}],"collection":[{"href":"https:\/\/sahara.mk\/sq\/wp-json\/wp\/v2\/product"}],"about":[{"href":"https:\/\/sahara.mk\/sq\/wp-json\/wp\/v2\/types\/product"}],"replies":[{"embeddable":true,"href":"https:\/\/sahara.mk\/sq\/wp-json\/wp\/v2\/comments?post=3114"}],"wp:featuredmedia":[{"embeddable":true,"href":"https:\/\/sahara.mk\/sq\/wp-json\/wp\/v2\/media\/3115"}],"wp:attachment":[{"href":"https:\/\/sahara.mk\/sq\/wp-json\/wp\/v2\/media?parent=3114"}],"wp:term":[{"taxonomy":"product_cat","embeddable":true,"href":"https:\/\/sahara.mk\/sq\/wp-json\/wp\/v2\/product_cat?post=3114"},{"taxonomy":"product_tag","embeddable":true,"href":"https:\/\/sahara.mk\/sq\/wp-json\/wp\/v2\/product_tag?post=3114"}],"curies":[{"name":"wp","href":"https:\/\/api.w.org\/{rel}","templated":true}]}}