{"id":3109,"date":"2021-12-06T13:53:13","date_gmt":"2021-12-06T13:53:13","guid":{"rendered":"https:\/\/sahara.mk\/?post_type=product&#038;p=3109"},"modified":"2024-03-27T14:48:19","modified_gmt":"2024-03-27T14:48:19","slug":"maybelline-the-colossal-0-black-mascara","status":"publish","type":"product","link":"https:\/\/sahara.mk\/sq\/produkt\/maybelline-the-colossal-0-black-mascara\/","title":{"rendered":"Maybelline E Kolosale 0 Zez\u00eb Boj\u00eb P\u00ebr Vetulla"},"content":{"rendered":"","protected":false},"excerpt":{"rendered":"<p>The collagen enriched formula plumps your lash look for mega impact.<br \/>\nColossal volume. Load lashes for mega impact without clumps.<\/p>","protected":false},"featured_media":3110,"comment_status":"open","ping_status":"closed","template":"","meta":{"_joinchat":[]},"product_cat":[72],"product_tag":[],"class_list":["post-3109","product","type-product","status-publish","has-post-thumbnail","hentry","product_cat-eye-mascara"],"_links":{"self":[{"href":"https:\/\/sahara.mk\/sq\/wp-json\/wp\/v2\/product\/3109","targetHints":{"allow":["GET"]}}],"collection":[{"href":"https:\/\/sahara.mk\/sq\/wp-json\/wp\/v2\/product"}],"about":[{"href":"https:\/\/sahara.mk\/sq\/wp-json\/wp\/v2\/types\/product"}],"replies":[{"embeddable":true,"href":"https:\/\/sahara.mk\/sq\/wp-json\/wp\/v2\/comments?post=3109"}],"wp:featuredmedia":[{"embeddable":true,"href":"https:\/\/sahara.mk\/sq\/wp-json\/wp\/v2\/media\/3110"}],"wp:attachment":[{"href":"https:\/\/sahara.mk\/sq\/wp-json\/wp\/v2\/media?parent=3109"}],"wp:term":[{"taxonomy":"product_cat","embeddable":true,"href":"https:\/\/sahara.mk\/sq\/wp-json\/wp\/v2\/product_cat?post=3109"},{"taxonomy":"product_tag","embeddable":true,"href":"https:\/\/sahara.mk\/sq\/wp-json\/wp\/v2\/product_tag?post=3109"}],"curies":[{"name":"wp","href":"https:\/\/api.w.org\/{rel}","templated":true}]}}