{"id":1516,"date":"2021-11-07T17:23:38","date_gmt":"2021-11-07T17:23:38","guid":{"rendered":"https:\/\/sahara.mk\/?post_type=product&#038;p=1516"},"modified":"2022-04-28T15:13:11","modified_gmt":"2022-04-28T15:13:11","slug":"zoeva-rose-golden-complete-brush-set","status":"publish","type":"product","link":"https:\/\/sahara.mk\/sq\/produkt\/zoeva-rose-golden-complete-brush-set\/","title":{"rendered":"Zoeva u rrit art\u00eb t\u00eb plot\u00eb fur\u00e7\u00eb t\u00eb vendosur"},"content":{"rendered":"","protected":false},"excerpt":{"rendered":"","protected":false},"featured_media":1517,"comment_status":"open","ping_status":"closed","template":"","meta":{"_joinchat":[]},"product_cat":[86],"product_tag":[],"class_list":["post-1516","product","type-product","status-publish","has-post-thumbnail","hentry","product_cat-makeup-set"],"_links":{"self":[{"href":"https:\/\/sahara.mk\/sq\/wp-json\/wp\/v2\/product\/1516","targetHints":{"allow":["GET"]}}],"collection":[{"href":"https:\/\/sahara.mk\/sq\/wp-json\/wp\/v2\/product"}],"about":[{"href":"https:\/\/sahara.mk\/sq\/wp-json\/wp\/v2\/types\/product"}],"replies":[{"embeddable":true,"href":"https:\/\/sahara.mk\/sq\/wp-json\/wp\/v2\/comments?post=1516"}],"wp:featuredmedia":[{"embeddable":true,"href":"https:\/\/sahara.mk\/sq\/wp-json\/wp\/v2\/media\/1517"}],"wp:attachment":[{"href":"https:\/\/sahara.mk\/sq\/wp-json\/wp\/v2\/media?parent=1516"}],"wp:term":[{"taxonomy":"product_cat","embeddable":true,"href":"https:\/\/sahara.mk\/sq\/wp-json\/wp\/v2\/product_cat?post=1516"},{"taxonomy":"product_tag","embeddable":true,"href":"https:\/\/sahara.mk\/sq\/wp-json\/wp\/v2\/product_tag?post=1516"}],"curies":[{"name":"wp","href":"https:\/\/api.w.org\/{rel}","templated":true}]}}