{"id":595,"date":"2021-09-21T12:52:46","date_gmt":"2021-09-21T12:52:46","guid":{"rendered":"https:\/\/sahara.mk\/?page_id=595"},"modified":"2021-09-22T14:28:55","modified_gmt":"2021-09-22T14:28:55","slug":"eye-gloves","status":"publish","type":"page","link":"https:\/\/sahara.mk\/sq\/make-up\/eyes\/eye-gloves\/","title":{"rendered":"Sy Doreza"},"content":{"rendered":"<div data-elementor-type=\"wp-page\" data-elementor-id=\"595\" class=\"elementor elementor-595\">\n\t\t\t\t\t\t\t\t\t<section class=\"elementor-section elementor-top-section elementor-element elementor-element-702761c9 elementor-section-boxed elementor-section-height-default elementor-section-height-default\" data-id=\"702761c9\" data-element_type=\"section\">\r\n\t\t\r\n\t\t\t\t\t\t\t<div class=\"elementor-container elementor-column-gap-default\">\r\n\t\t\t\t\t\t\t\t\t\t\t<div class=\"elementor-column elementor-col-100 elementor-top-column elementor-element elementor-element-4a698845\" data-id=\"4a698845\" data-element_type=\"column\">\r\n\t\t\t\t\t<div class=\"elementor-widget-wrap elementor-element-populated\">\r\n\t\t\t\t\t\t\t\t<div class=\"elementor-element elementor-element-21ec5057 mb-2 elementor-widget elementor-widget-heading\" data-id=\"21ec5057\" data-element_type=\"widget\" data-widget_type=\"heading.default\">\n\t\t\t\t<div class=\"elementor-widget-container\">\n\t\t\t<style>\/*! elementor - v3.11.5 - 14-03-2023 *\/\n.elementor-heading-title{padding:0;margin:0;line-height:1}.elementor-widget-heading .elementor-heading-title[class*=elementor-size-]>a{color:inherit;font-size:inherit;line-height:inherit}.elementor-widget-heading .elementor-heading-title.elementor-size-small{font-size:15px}.elementor-widget-heading .elementor-heading-title.elementor-size-medium{font-size:19px}.elementor-widget-heading .elementor-heading-title.elementor-size-large{font-size:29px}.elementor-widget-heading .elementor-heading-title.elementor-size-xl{font-size:39px}.elementor-widget-heading .elementor-heading-title.elementor-size-xxl{font-size:59px}<\/style><h2 class=\"elementor-heading-title elementor-size-default\">Sy Doreza<\/h2>\t\t<\/div>\n\t\t\t\t<\/div>\n\t\t\t\t<div class=\"elementor-element elementor-element-180a3f52 elementor-widget-divider--view-line elementor-widget elementor-widget-divider\" data-id=\"180a3f52\" data-element_type=\"widget\" data-widget_type=\"divider.default\">\n\t\t\t\t<div class=\"elementor-widget-container\">\n\t\t\t<style>\/*! elementor - v3.11.5 - 14-03-2023 *\/\n.elementor-widget-divider{--divider-border-style:none;--divider-border-width:1px;--divider-color:#2c2c2c;--divider-icon-size:20px;--divider-element-spacing:10px;--divider-pattern-height:24px;--divider-pattern-size:20px;--divider-pattern-url:none;--divider-pattern-repeat:repeat-x}.elementor-widget-divider .elementor-divider{display:flex}.elementor-widget-divider .elementor-divider__text{font-size:15px;line-height:1;max-width:95%}.elementor-widget-divider .elementor-divider__element{margin:0 var(--divider-element-spacing);flex-shrink:0}.elementor-widget-divider .elementor-icon{font-size:var(--divider-icon-size)}.elementor-widget-divider .elementor-divider-separator{display:flex;margin:0;direction:ltr}.elementor-widget-divider--view-line_icon .elementor-divider-separator,.elementor-widget-divider--view-line_text .elementor-divider-separator{align-items:center}.elementor-widget-divider--view-line_icon .elementor-divider-separator:after,.elementor-widget-divider--view-line_icon .elementor-divider-separator:before,.elementor-widget-divider--view-line_text .elementor-divider-separator:after,.elementor-widget-divider--view-line_text .elementor-divider-separator:before{display:block;content:\"\";border-bottom:0;flex-grow:1;border-top:var(--divider-border-width) var(--divider-border-style) var(--divider-color)}.elementor-widget-divider--element-align-left .elementor-divider .elementor-divider-separator>.elementor-divider__svg:first-of-type{flex-grow:0;flex-shrink:100}.elementor-widget-divider--element-align-left .elementor-divider-separator:before{content:none}.elementor-widget-divider--element-align-left .elementor-divider__element{margin-left:0}.elementor-widget-divider--element-align-right .elementor-divider .elementor-divider-separator>.elementor-divider__svg:last-of-type{flex-grow:0;flex-shrink:100}.elementor-widget-divider--element-align-right .elementor-divider-separator:after{content:none}.elementor-widget-divider--element-align-right .elementor-divider__element{margin-right:0}.elementor-widget-divider:not(.elementor-widget-divider--view-line_text):not(.elementor-widget-divider--view-line_icon) .elementor-divider-separator{border-top:var(--divider-border-width) var(--divider-border-style) var(--divider-color)}.elementor-widget-divider--separator-type-pattern{--divider-border-style:none}.elementor-widget-divider--separator-type-pattern.elementor-widget-divider--view-line .elementor-divider-separator,.elementor-widget-divider--separator-type-pattern:not(.elementor-widget-divider--view-line) .elementor-divider-separator:after,.elementor-widget-divider--separator-type-pattern:not(.elementor-widget-divider--view-line) .elementor-divider-separator:before,.elementor-widget-divider--separator-type-pattern:not([class*=elementor-widget-divider--view]) .elementor-divider-separator{width:100%;min-height:var(--divider-pattern-height);-webkit-mask-size:var(--divider-pattern-size) 100%;mask-size:var(--divider-pattern-size) 100%;-webkit-mask-repeat:var(--divider-pattern-repeat);mask-repeat:var(--divider-pattern-repeat);background-color:var(--divider-color);-webkit-mask-image:var(--divider-pattern-url);mask-image:var(--divider-pattern-url)}.elementor-widget-divider--no-spacing{--divider-pattern-size:auto}.elementor-widget-divider--bg-round{--divider-pattern-repeat:round}.rtl .elementor-widget-divider .elementor-divider__text{direction:rtl}.e-con-inner>.elementor-widget-divider,.e-con>.elementor-widget-divider{width:var(--container-widget-width,100%);--flex-grow:var(--container-widget-flex-grow)}<\/style>\t\t<div class=\"elementor-divider\">\n\t\t\t<span class=\"elementor-divider-separator\">\n\t\t\t\t\t\t<\/span>\n\t\t<\/div>\n\t\t\t\t<\/div>\n\t\t\t\t<\/div>\n\t\t\t\t\t<\/div>\r\n\t\t\t\t<\/div>\r\n\t\t\t\t\t<\/div>\r\n\t\t\t\t<\/section>\r\n\t\t\t\t<section class=\"elementor-section elementor-top-section elementor-element elementor-element-fdb495d elementor-section-boxed elementor-section-height-default elementor-section-height-default\" data-id=\"fdb495d\" data-element_type=\"section\">\r\n\t\t\r\n\t\t\t\t\t\t\t<div class=\"elementor-container elementor-column-gap-default\">\r\n\t\t\t\t\t\t\t\t\t\t\t<div class=\"elementor-column elementor-col-100 elementor-top-column elementor-element elementor-element-b564bde\" data-id=\"b564bde\" data-element_type=\"column\">\r\n\t\t\t\t\t<div class=\"elementor-widget-wrap elementor-element-populated\">\r\n\t\t\t\t\t\t\t\t<div class=\"elementor-element elementor-element-4746021 elementor-widget elementor-widget-porto_products\" data-id=\"4746021\" data-element_type=\"widget\" data-settings=\"{&quot;spacing&quot;:{&quot;unit&quot;:&quot;px&quot;,&quot;size&quot;:&quot;&quot;,&quot;sizes&quot;:[]}}\" data-widget_type=\"porto_products.default\">\n\t\t\t\t<div class=\"elementor-widget-container\">\n\t\t\t<div id=\"porto-products-1910\" class=\"porto-products wpb_content_element theme_option\"><div class=\"woocommerce columns-4\"><ul class=\"products products-container grid pcols-lg-4 pcols-md-3 pcols-xs-3 pcols-ls-2 pwidth-lg-4 pwidth-md-3 pwidth-xs-2 pwidth-ls-1 is-shortcode\"\n\t data-cur_page=\"1\" data-max_page=\"1\" data-product_layout=\"product-outimage_aq_onimage\">\n\n<li class=\"product-col product-outimage_aq_onimage product type-product post-9569 status-publish first instock product_cat-eye-gloves product_cat-eye-shadow-palette product_cat-eyes product_cat-makeup product_cat-mono-eyesahdow product_tag-crystalized-liquid-eyeshadow has-post-thumbnail shipping-taxable purchasable product-type-variable\">\n<div class=\"product-inner\">\n\t\n\t<div class=\"product-image\">\n\n\t\t<a  href=\"https:\/\/sahara.mk\/sq\/produkt\/note-crystalized-liquid-eyeshadow\/\">\n\t\t\t<div class=\"inner\"><img loading=\"lazy\" decoding=\"async\" width=\"2000\" height=\"2000\" src=\"https:\/\/sahara.mk\/wp-content\/uploads\/2025\/10\/Screenshot_20251020_151842_Chrome.png\" class=\"wp-post-image\" alt=\"\" srcset=\"https:\/\/sahara.mk\/wp-content\/uploads\/2025\/10\/Screenshot_20251020_151842_Chrome.png 2000w, https:\/\/sahara.mk\/wp-content\/uploads\/2025\/10\/Screenshot_20251020_151842_Chrome-1024x1024.png 1024w, https:\/\/sahara.mk\/wp-content\/uploads\/2025\/10\/Screenshot_20251020_151842_Chrome-768x768.png 768w, https:\/\/sahara.mk\/wp-content\/uploads\/2025\/10\/Screenshot_20251020_151842_Chrome-1536x1536.png 1536w, https:\/\/sahara.mk\/wp-content\/uploads\/2025\/10\/Screenshot_20251020_151842_Chrome-640x640.png 640w, https:\/\/sahara.mk\/wp-content\/uploads\/2025\/10\/Screenshot_20251020_151842_Chrome-400x400.png 400w, https:\/\/sahara.mk\/wp-content\/uploads\/2025\/10\/Screenshot_20251020_151842_Chrome-600x600.png 600w\" sizes=\"auto, (max-width: 2000px) 100vw, 2000px\" \/><\/div>\t\t<\/a>\n\t\t\t<div class=\"links-on-image\">\n\t\t\t<div class=\"add-links-wrap\">\n\t<div class=\"add-links clearfix\">\n\t\t<span href=\"https:\/\/sahara.mk\/sq\/produkt\/note-crystalized-liquid-eyeshadow\/\" data-quantity=\"1\" class=\"viewcart-style-3 button wp-element-button product_type_variable add_to_cart_button\" data-product_id=\"9569\" data-product_sku=\"\" aria-label=\"P\u00ebrzgjidhni mund\u00ebsi p\u00ebr \u201cNote Crystalized Liquid Eyeshadow\u201d\" rel=\"nofollow\" data-no-translation=\"\" data-trp-gettext=\"\" data-no-translation-aria-label=\"\">P\u00ebrzgjidhni mund\u00ebsi<\/span><div class=\"quickview\" data-id=\"9569\" title=\"Quick View\">Quick View<\/div>\t<\/div>\n\t<\/div>\n\t\t<\/div>\n\t\t\t<\/div>\n\n\t<div class=\"product-content\">\n\t\t<span class=\"category-list\"><a href=\"https:\/\/sahara.mk\/sq\/kategori-produkti\/makeup\/eyes\/eye-gloves\/\" rel=\"tag\">Sy Doreza<\/a>, <a href=\"https:\/\/sahara.mk\/sq\/kategori-produkti\/makeup\/eyes\/eye-shadow-palette\/\" rel=\"tag\">Rimel Paleta<\/a>, <a href=\"https:\/\/sahara.mk\/sq\/kategori-produkti\/makeup\/eyes\/\" rel=\"tag\">Syt\u00eb<\/a>, <a href=\"https:\/\/sahara.mk\/sq\/kategori-produkti\/makeup\/\" rel=\"tag\">Makeup<\/a>, <a href=\"https:\/\/sahara.mk\/sq\/kategori-produkti\/makeup\/eyes\/mono-eyesahdow\/\" rel=\"tag\">Mono EyeSahdow<\/a><\/span>\n\t\t\t<a class=\"product-loop-title\"  href=\"https:\/\/sahara.mk\/sq\/produkt\/note-crystalized-liquid-eyeshadow\/\">\n\t<h3 class=\"woocommerce-loop-product__title\">Note Crystalized Liquid Eyeshadow<\/h3>\t<\/a>\n\t\n\t\t\n\t\t\t<\/div>\n<\/div>\n<\/li>\n<\/ul>\n<\/div><\/div>\t\t<\/div>\n\t\t\t\t<\/div>\n\t\t\t\t\t<\/div>\r\n\t\t\t\t<\/div>\r\n\t\t\t\t\t<\/div>\r\n\t\t\t\t<\/section>\r\n\t\t\t\t\t\t\t<\/div>","protected":false},"excerpt":{"rendered":"<p>Sy Doreza<\/p>","protected":false},"author":1,"featured_media":0,"parent":461,"menu_order":0,"comment_status":"closed","ping_status":"closed","template":"","meta":{"_joinchat":[],"footnotes":""},"class_list":["post-595","page","type-page","status-publish","hentry"],"_links":{"self":[{"href":"https:\/\/sahara.mk\/sq\/wp-json\/wp\/v2\/pages\/595","targetHints":{"allow":["GET"]}}],"collection":[{"href":"https:\/\/sahara.mk\/sq\/wp-json\/wp\/v2\/pages"}],"about":[{"href":"https:\/\/sahara.mk\/sq\/wp-json\/wp\/v2\/types\/page"}],"author":[{"embeddable":true,"href":"https:\/\/sahara.mk\/sq\/wp-json\/wp\/v2\/users\/1"}],"replies":[{"embeddable":true,"href":"https:\/\/sahara.mk\/sq\/wp-json\/wp\/v2\/comments?post=595"}],"version-history":[{"count":7,"href":"https:\/\/sahara.mk\/sq\/wp-json\/wp\/v2\/pages\/595\/revisions"}],"predecessor-version":[{"id":1072,"href":"https:\/\/sahara.mk\/sq\/wp-json\/wp\/v2\/pages\/595\/revisions\/1072"}],"up":[{"embeddable":true,"href":"https:\/\/sahara.mk\/sq\/wp-json\/wp\/v2\/pages\/461"}],"wp:attachment":[{"href":"https:\/\/sahara.mk\/sq\/wp-json\/wp\/v2\/media?parent=595"}],"curies":[{"name":"wp","href":"https:\/\/api.w.org\/{rel}","templated":true}]}}