{"id":482,"date":"2021-09-21T10:35:34","date_gmt":"2021-09-21T10:35:34","guid":{"rendered":"https:\/\/sahara.mk\/?page_id=482"},"modified":"2024-12-06T23:22:04","modified_gmt":"2024-12-06T23:22:04","slug":"manicure-pedicure","status":"publish","type":"page","link":"https:\/\/sahara.mk\/sq\/manicure-pedicure\/","title":{"rendered":"Nail Care"},"content":{"rendered":"<div data-elementor-type=\"wp-page\" data-elementor-id=\"482\" class=\"elementor elementor-482\">\n\t\t\t\t\t\t\t\t\t<section class=\"elementor-section elementor-top-section elementor-element elementor-element-3b44c378 elementor-section-boxed elementor-section-height-default elementor-section-height-default\" data-id=\"3b44c378\" data-element_type=\"section\">\r\n\t\t\r\n\t\t\t\t\t\t\t<div class=\"elementor-container elementor-column-gap-default\">\r\n\t\t\t\t\t\t\t\t\t\t\t<div class=\"elementor-column elementor-col-100 elementor-top-column elementor-element elementor-element-784cb721\" data-id=\"784cb721\" data-element_type=\"column\">\r\n\t\t\t\t\t<div class=\"elementor-widget-wrap elementor-element-populated\">\r\n\t\t\t\t\t\t\t\t<div class=\"elementor-element elementor-element-3d0e7d mb-2 elementor-widget elementor-widget-heading\" data-id=\"3d0e7d\" data-element_type=\"widget\" data-widget_type=\"heading.default\">\n\t\t\t\t<div class=\"elementor-widget-container\">\n\t\t\t<style>\/*! elementor - v3.11.5 - 14-03-2023 *\/\n.elementor-heading-title{padding:0;margin:0;line-height:1}.elementor-widget-heading .elementor-heading-title[class*=elementor-size-]>a{color:inherit;font-size:inherit;line-height:inherit}.elementor-widget-heading .elementor-heading-title.elementor-size-small{font-size:15px}.elementor-widget-heading .elementor-heading-title.elementor-size-medium{font-size:19px}.elementor-widget-heading .elementor-heading-title.elementor-size-large{font-size:29px}.elementor-widget-heading .elementor-heading-title.elementor-size-xl{font-size:39px}.elementor-widget-heading .elementor-heading-title.elementor-size-xxl{font-size:59px}<\/style><h2 class=\"elementor-heading-title elementor-size-default\">Manicure &amp; Pedicure<\/h2>\t\t<\/div>\n\t\t\t\t<\/div>\n\t\t\t\t<div class=\"elementor-element elementor-element-4fdf55ca elementor-widget-divider--view-line elementor-widget elementor-widget-divider\" data-id=\"4fdf55ca\" data-element_type=\"widget\" data-widget_type=\"divider.default\">\n\t\t\t\t<div class=\"elementor-widget-container\">\n\t\t\t<style>\/*! elementor - v3.11.5 - 14-03-2023 *\/\n.elementor-widget-divider{--divider-border-style:none;--divider-border-width:1px;--divider-color:#2c2c2c;--divider-icon-size:20px;--divider-element-spacing:10px;--divider-pattern-height:24px;--divider-pattern-size:20px;--divider-pattern-url:none;--divider-pattern-repeat:repeat-x}.elementor-widget-divider .elementor-divider{display:flex}.elementor-widget-divider .elementor-divider__text{font-size:15px;line-height:1;max-width:95%}.elementor-widget-divider .elementor-divider__element{margin:0 var(--divider-element-spacing);flex-shrink:0}.elementor-widget-divider .elementor-icon{font-size:var(--divider-icon-size)}.elementor-widget-divider .elementor-divider-separator{display:flex;margin:0;direction:ltr}.elementor-widget-divider--view-line_icon .elementor-divider-separator,.elementor-widget-divider--view-line_text .elementor-divider-separator{align-items:center}.elementor-widget-divider--view-line_icon .elementor-divider-separator:after,.elementor-widget-divider--view-line_icon .elementor-divider-separator:before,.elementor-widget-divider--view-line_text .elementor-divider-separator:after,.elementor-widget-divider--view-line_text .elementor-divider-separator:before{display:block;content:\"\";border-bottom:0;flex-grow:1;border-top:var(--divider-border-width) var(--divider-border-style) var(--divider-color)}.elementor-widget-divider--element-align-left .elementor-divider .elementor-divider-separator>.elementor-divider__svg:first-of-type{flex-grow:0;flex-shrink:100}.elementor-widget-divider--element-align-left .elementor-divider-separator:before{content:none}.elementor-widget-divider--element-align-left .elementor-divider__element{margin-left:0}.elementor-widget-divider--element-align-right .elementor-divider .elementor-divider-separator>.elementor-divider__svg:last-of-type{flex-grow:0;flex-shrink:100}.elementor-widget-divider--element-align-right .elementor-divider-separator:after{content:none}.elementor-widget-divider--element-align-right .elementor-divider__element{margin-right:0}.elementor-widget-divider:not(.elementor-widget-divider--view-line_text):not(.elementor-widget-divider--view-line_icon) .elementor-divider-separator{border-top:var(--divider-border-width) var(--divider-border-style) var(--divider-color)}.elementor-widget-divider--separator-type-pattern{--divider-border-style:none}.elementor-widget-divider--separator-type-pattern.elementor-widget-divider--view-line .elementor-divider-separator,.elementor-widget-divider--separator-type-pattern:not(.elementor-widget-divider--view-line) .elementor-divider-separator:after,.elementor-widget-divider--separator-type-pattern:not(.elementor-widget-divider--view-line) .elementor-divider-separator:before,.elementor-widget-divider--separator-type-pattern:not([class*=elementor-widget-divider--view]) .elementor-divider-separator{width:100%;min-height:var(--divider-pattern-height);-webkit-mask-size:var(--divider-pattern-size) 100%;mask-size:var(--divider-pattern-size) 100%;-webkit-mask-repeat:var(--divider-pattern-repeat);mask-repeat:var(--divider-pattern-repeat);background-color:var(--divider-color);-webkit-mask-image:var(--divider-pattern-url);mask-image:var(--divider-pattern-url)}.elementor-widget-divider--no-spacing{--divider-pattern-size:auto}.elementor-widget-divider--bg-round{--divider-pattern-repeat:round}.rtl .elementor-widget-divider .elementor-divider__text{direction:rtl}.e-con-inner>.elementor-widget-divider,.e-con>.elementor-widget-divider{width:var(--container-widget-width,100%);--flex-grow:var(--container-widget-flex-grow)}<\/style>\t\t<div class=\"elementor-divider\">\n\t\t\t<span class=\"elementor-divider-separator\">\n\t\t\t\t\t\t<\/span>\n\t\t<\/div>\n\t\t\t\t<\/div>\n\t\t\t\t<\/div>\n\t\t\t\t\t<\/div>\r\n\t\t\t\t<\/div>\r\n\t\t\t\t\t<\/div>\r\n\t\t\t\t<\/section>\r\n\t\t\t\t<section class=\"elementor-section elementor-top-section elementor-element elementor-element-2493ef6 elementor-section-boxed elementor-section-height-default elementor-section-height-default\" data-id=\"2493ef6\" data-element_type=\"section\">\r\n\t\t\r\n\t\t\t\t\t\t\t<div class=\"elementor-container elementor-column-gap-default\">\r\n\t\t\t\t\t\t\t\t\t\t\t<div class=\"elementor-column elementor-col-100 elementor-top-column elementor-element elementor-element-b7c72ec\" data-id=\"b7c72ec\" data-element_type=\"column\">\r\n\t\t\t\t\t<div class=\"elementor-widget-wrap elementor-element-populated\">\r\n\t\t\t\t\t\t\t\t<div class=\"elementor-element elementor-element-8f18843 elementor-widget elementor-widget-porto_products\" data-id=\"8f18843\" data-element_type=\"widget\" data-settings=\"{&quot;spacing&quot;:{&quot;unit&quot;:&quot;px&quot;,&quot;size&quot;:&quot;&quot;,&quot;sizes&quot;:[]}}\" data-widget_type=\"porto_products.default\">\n\t\t\t\t<div class=\"elementor-widget-container\">\n\t\t\t<div id=\"porto-products-6919\" class=\"porto-products wpb_content_element theme_option\"><div class=\"woocommerce columns-4\"><ul class=\"products products-container grid pcols-lg-4 pcols-md-3 pcols-xs-3 pcols-ls-2 pwidth-lg-4 pwidth-md-3 pwidth-xs-2 pwidth-ls-1 is-shortcode\"\n\t data-cur_page=\"1\" data-max_page=\"1\" data-product_layout=\"product-outimage_aq_onimage\">\n\n<li class=\"product-col product-outimage_aq_onimage product type-product post-9013 status-publish first instock product_cat-face product_cat-foundation product_cat-makeup product_cat-manicure-pedicure product_tag-flormarlegsfoundation has-post-thumbnail shipping-taxable purchasable product-type-simple\">\n<div class=\"product-inner\">\n\t\n\t<div class=\"product-image\">\n\n\t\t<a  href=\"https:\/\/sahara.mk\/sq\/produkt\/flormar-perfect-legs-foundation-01\/\">\n\t\t\t<div class=\"inner\"><img loading=\"lazy\" decoding=\"async\" width=\"2000\" height=\"2000\" src=\"https:\/\/sahara.mk\/wp-content\/uploads\/2025\/05\/Screenshot_20250515_150719_Chrome.png\" class=\"wp-post-image\" alt=\"\" srcset=\"https:\/\/sahara.mk\/wp-content\/uploads\/2025\/05\/Screenshot_20250515_150719_Chrome.png 2000w, https:\/\/sahara.mk\/wp-content\/uploads\/2025\/05\/Screenshot_20250515_150719_Chrome-1024x1024.png 1024w, https:\/\/sahara.mk\/wp-content\/uploads\/2025\/05\/Screenshot_20250515_150719_Chrome-768x768.png 768w, https:\/\/sahara.mk\/wp-content\/uploads\/2025\/05\/Screenshot_20250515_150719_Chrome-1536x1536.png 1536w, https:\/\/sahara.mk\/wp-content\/uploads\/2025\/05\/Screenshot_20250515_150719_Chrome-640x640.png 640w, https:\/\/sahara.mk\/wp-content\/uploads\/2025\/05\/Screenshot_20250515_150719_Chrome-400x400.png 400w, https:\/\/sahara.mk\/wp-content\/uploads\/2025\/05\/Screenshot_20250515_150719_Chrome-600x600.png 600w\" sizes=\"auto, (max-width: 2000px) 100vw, 2000px\" \/><\/div>\t\t<\/a>\n\t\t\t<div class=\"links-on-image\">\n\t\t\t<div class=\"add-links-wrap\">\n\t<div class=\"add-links clearfix\">\n\t\t<span href=\"?add-to-cart=9013\" data-quantity=\"1\" class=\"viewcart-style-3 button wp-element-button product_type_simple add_to_cart_button ajax_add_to_cart\" data-product_id=\"9013\" data-product_sku=\"\" aria-label=\"Shtojeni \u201cFlormar Perfect Legs Foundation 01\u201d te shporta juaj\" rel=\"nofollow\" data-no-translation=\"\" data-trp-gettext=\"\" data-no-translation-aria-label=\"\">Shtoje n\u00eb shport\u00eb<\/span><div class=\"quickview\" data-id=\"9013\" title=\"Quick View\">Quick View<\/div>\t<\/div>\n\t<\/div>\n\t\t<\/div>\n\t\t\t<\/div>\n\n\t<div class=\"product-content\">\n\t\t<span class=\"category-list\"><a href=\"https:\/\/sahara.mk\/sq\/kategori-produkti\/makeup\/face\/\" rel=\"tag\">Fytyra<\/a>, <a href=\"https:\/\/sahara.mk\/sq\/kategori-produkti\/makeup\/face\/foundation\/\" rel=\"tag\">Fondacioni<\/a>, <a href=\"https:\/\/sahara.mk\/sq\/kategori-produkti\/makeup\/\" rel=\"tag\">Makeup<\/a>, <a href=\"https:\/\/sahara.mk\/sq\/kategori-produkti\/manicure-pedicure\/\" rel=\"tag\">Manicure &amp; Pedicure<\/a><\/span>\n\t\t\t<a class=\"product-loop-title\"  href=\"https:\/\/sahara.mk\/sq\/produkt\/flormar-perfect-legs-foundation-01\/\">\n\t<h3 class=\"woocommerce-loop-product__title\">Flormar Perfect Legs Foundation 01<\/h3>\t<\/a>\n\t\n\t\t\n\t\t\t<\/div>\n<\/div>\n<\/li>\n\n<li class=\"product-col product-outimage_aq_onimage product type-product post-9015 status-publish instock product_cat-face product_cat-foundation product_cat-makeup product_cat-manicure-pedicure product_tag-flormarlegsfoundation has-post-thumbnail shipping-taxable purchasable product-type-simple\">\n<div class=\"product-inner\">\n\t\n\t<div class=\"product-image\">\n\n\t\t<a  href=\"https:\/\/sahara.mk\/sq\/produkt\/flormar-perfect-legs-foundation-02\/\">\n\t\t\t<div class=\"inner\"><img loading=\"lazy\" decoding=\"async\" width=\"2000\" height=\"2000\" src=\"https:\/\/sahara.mk\/wp-content\/uploads\/2025\/05\/Screenshot_20250515_151006_Chrome.png\" class=\"wp-post-image\" alt=\"\" srcset=\"https:\/\/sahara.mk\/wp-content\/uploads\/2025\/05\/Screenshot_20250515_151006_Chrome.png 2000w, https:\/\/sahara.mk\/wp-content\/uploads\/2025\/05\/Screenshot_20250515_151006_Chrome-1024x1024.png 1024w, https:\/\/sahara.mk\/wp-content\/uploads\/2025\/05\/Screenshot_20250515_151006_Chrome-768x768.png 768w, https:\/\/sahara.mk\/wp-content\/uploads\/2025\/05\/Screenshot_20250515_151006_Chrome-1536x1536.png 1536w, https:\/\/sahara.mk\/wp-content\/uploads\/2025\/05\/Screenshot_20250515_151006_Chrome-640x640.png 640w, https:\/\/sahara.mk\/wp-content\/uploads\/2025\/05\/Screenshot_20250515_151006_Chrome-400x400.png 400w, https:\/\/sahara.mk\/wp-content\/uploads\/2025\/05\/Screenshot_20250515_151006_Chrome-600x600.png 600w\" sizes=\"auto, (max-width: 2000px) 100vw, 2000px\" \/><\/div>\t\t<\/a>\n\t\t\t<div class=\"links-on-image\">\n\t\t\t<div class=\"add-links-wrap\">\n\t<div class=\"add-links clearfix\">\n\t\t<span href=\"?add-to-cart=9015\" data-quantity=\"1\" class=\"viewcart-style-3 button wp-element-button product_type_simple add_to_cart_button ajax_add_to_cart\" data-product_id=\"9015\" data-product_sku=\"\" aria-label=\"Shtojeni \u201cFlormar Perfect Legs Foundation 02\u201d te shporta juaj\" rel=\"nofollow\" data-no-translation=\"\" data-trp-gettext=\"\" data-no-translation-aria-label=\"\">Shtoje n\u00eb shport\u00eb<\/span><div class=\"quickview\" data-id=\"9015\" title=\"Quick View\">Quick View<\/div>\t<\/div>\n\t<\/div>\n\t\t<\/div>\n\t\t\t<\/div>\n\n\t<div class=\"product-content\">\n\t\t<span class=\"category-list\"><a href=\"https:\/\/sahara.mk\/sq\/kategori-produkti\/makeup\/face\/\" rel=\"tag\">Fytyra<\/a>, <a href=\"https:\/\/sahara.mk\/sq\/kategori-produkti\/makeup\/face\/foundation\/\" rel=\"tag\">Fondacioni<\/a>, <a href=\"https:\/\/sahara.mk\/sq\/kategori-produkti\/makeup\/\" rel=\"tag\">Makeup<\/a>, <a href=\"https:\/\/sahara.mk\/sq\/kategori-produkti\/manicure-pedicure\/\" rel=\"tag\">Manicure &amp; Pedicure<\/a><\/span>\n\t\t\t<a class=\"product-loop-title\"  href=\"https:\/\/sahara.mk\/sq\/produkt\/flormar-perfect-legs-foundation-02\/\">\n\t<h3 class=\"woocommerce-loop-product__title\">Flormar Perfect Legs Foundation 02<\/h3>\t<\/a>\n\t\n\t\t\n\t\t\t<\/div>\n<\/div>\n<\/li>\n\n<li class=\"product-col product-outimage_aq_onimage product type-product post-5852 status-publish instock product_cat-manicure-pedicure has-post-thumbnail shipping-taxable purchasable product-type-variable\">\n<div class=\"product-inner\">\n\t\n\t<div class=\"product-image\">\n\n\t\t<a  href=\"https:\/\/sahara.mk\/sq\/produkt\/aura-like-a-pro-limited-edition\/\">\n\t\t\t<div class=\"inner\"><img loading=\"lazy\" decoding=\"async\" width=\"300\" height=\"300\" src=\"https:\/\/sahara.mk\/wp-content\/uploads\/2023\/03\/154-300x300.jpg\" class=\"wp-post-image\" alt=\"\" \/><\/div>\t\t<\/a>\n\t\t\t<div class=\"links-on-image\">\n\t\t\t<div class=\"add-links-wrap\">\n\t<div class=\"add-links clearfix\">\n\t\t<span href=\"https:\/\/sahara.mk\/sq\/produkt\/aura-like-a-pro-limited-edition\/\" data-quantity=\"1\" class=\"viewcart-style-3 button wp-element-button product_type_variable add_to_cart_button\" data-product_id=\"5852\" data-product_sku=\"\" aria-label=\"P\u00ebrzgjidhni mund\u00ebsi p\u00ebr \u201cAura Like A Pro Limited Edition\u201d\" rel=\"nofollow\" data-no-translation=\"\" data-trp-gettext=\"\" data-no-translation-aria-label=\"\">P\u00ebrzgjidhni mund\u00ebsi<\/span><div class=\"quickview\" data-id=\"5852\" title=\"Quick View\">Quick View<\/div>\t<\/div>\n\t<\/div>\n\t\t<\/div>\n\t\t\t<\/div>\n\n\t<div class=\"product-content\">\n\t\t<span class=\"category-list\"><a href=\"https:\/\/sahara.mk\/sq\/kategori-produkti\/manicure-pedicure\/\" rel=\"tag\">Manicure &amp; Pedicure<\/a><\/span>\n\t\t\t<a class=\"product-loop-title\"  href=\"https:\/\/sahara.mk\/sq\/produkt\/aura-like-a-pro-limited-edition\/\">\n\t<h3 class=\"woocommerce-loop-product__title\">Aura Like A Pro Limited Edition<\/h3>\t<\/a>\n\t\n\t\t\n\t\t\t<\/div>\n<\/div>\n<\/li>\n\n<li class=\"product-col product-outimage_aq_onimage product type-product post-4653 status-publish last instock product_cat-manicure-pedicure has-post-thumbnail shipping-taxable purchasable product-type-simple\">\n<div class=\"product-inner\">\n\t\n\t<div class=\"product-image\">\n\n\t\t<a  href=\"https:\/\/sahara.mk\/sq\/produkt\/eveline-8-in1-total-action\/\">\n\t\t\t<div class=\"inner\"><img loading=\"lazy\" decoding=\"async\" width=\"300\" height=\"300\" src=\"https:\/\/sahara.mk\/wp-content\/uploads\/2022\/01\/81-300x300.jpg\" class=\"wp-post-image\" alt=\"\" \/><\/div>\t\t<\/a>\n\t\t\t<div class=\"links-on-image\">\n\t\t\t<div class=\"add-links-wrap\">\n\t<div class=\"add-links clearfix\">\n\t\t<span href=\"?add-to-cart=4653\" data-quantity=\"1\" class=\"viewcart-style-3 button wp-element-button product_type_simple add_to_cart_button ajax_add_to_cart\" data-product_id=\"4653\" data-product_sku=\"\" aria-label=\"Shtojeni \u201cEveline 8 in1 Total Action\u201d te shporta juaj\" rel=\"nofollow\" data-no-translation=\"\" data-trp-gettext=\"\" data-no-translation-aria-label=\"\">Shtoje n\u00eb shport\u00eb<\/span><div class=\"quickview\" data-id=\"4653\" title=\"Quick View\">Quick View<\/div>\t<\/div>\n\t<\/div>\n\t\t<\/div>\n\t\t\t<\/div>\n\n\t<div class=\"product-content\">\n\t\t<span class=\"category-list\"><a href=\"https:\/\/sahara.mk\/sq\/kategori-produkti\/manicure-pedicure\/\" rel=\"tag\">Manicure &amp; Pedicure<\/a><\/span>\n\t\t\t<a class=\"product-loop-title\"  href=\"https:\/\/sahara.mk\/sq\/produkt\/eveline-8-in1-total-action\/\">\n\t<h3 class=\"woocommerce-loop-product__title\">Eveline 8 in1 Total Action<\/h3>\t<\/a>\n\t\n\t\t\n\t\t\t<\/div>\n<\/div>\n<\/li>\n\n<li class=\"product-col product-outimage_aq_onimage product type-product post-1524 status-publish first instock product_cat-manicure-pedicure has-post-thumbnail shipping-taxable purchasable product-type-variable\">\n<div class=\"product-inner\">\n\t\n\t<div class=\"product-image\">\n\n\t\t<a  href=\"https:\/\/sahara.mk\/sq\/produkt\/golden-rose-nude-look-nail-color\/\">\n\t\t\t<div class=\"inner img-effect\"><img loading=\"lazy\" decoding=\"async\" width=\"300\" height=\"300\" src=\"https:\/\/sahara.mk\/wp-content\/uploads\/2021\/11\/golden-rose-nude-look-nail-color-01-300x300.jpg\" class=\"wp-post-image\" alt=\"\" \/><img loading=\"lazy\" decoding=\"async\" width=\"300\" height=\"300\" src=\"https:\/\/sahara.mk\/wp-content\/uploads\/2021\/11\/golden-rose-nude-look-nail-color-02-300x300.jpg\" class=\"hover-image\" alt=\"\" \/><\/div>\t\t<\/a>\n\t\t\t<div class=\"links-on-image\">\n\t\t\t<div class=\"add-links-wrap\">\n\t<div class=\"add-links clearfix\">\n\t\t<span href=\"https:\/\/sahara.mk\/sq\/produkt\/golden-rose-nude-look-nail-color\/\" data-quantity=\"1\" class=\"viewcart-style-3 button wp-element-button product_type_variable add_to_cart_button\" data-product_id=\"1524\" data-product_sku=\"\" aria-label=\"P\u00ebrzgjidhni mund\u00ebsi p\u00ebr \u201cGolden rose nude look nail color\u201d\" rel=\"nofollow\" data-no-translation=\"\" data-trp-gettext=\"\" data-no-translation-aria-label=\"\">P\u00ebrzgjidhni mund\u00ebsi<\/span><div class=\"quickview\" data-id=\"1524\" title=\"Quick View\">Quick View<\/div>\t<\/div>\n\t<\/div>\n\t\t<\/div>\n\t\t\t<\/div>\n\n\t<div class=\"product-content\">\n\t\t<span class=\"category-list\"><a href=\"https:\/\/sahara.mk\/sq\/kategori-produkti\/manicure-pedicure\/\" rel=\"tag\">Manicure &amp; Pedicure<\/a><\/span>\n\t\t\t<a class=\"product-loop-title\"  href=\"https:\/\/sahara.mk\/sq\/produkt\/golden-rose-nude-look-nail-color\/\">\n\t<h3 class=\"woocommerce-loop-product__title\">Golden rose nude look nail color<\/h3>\t<\/a>\n\t\n\t\t\n\t\t\t<\/div>\n<\/div>\n<\/li>\n\n<li class=\"product-col product-outimage_aq_onimage product type-product post-5127 status-publish instock product_cat-manicure-pedicure has-post-thumbnail shipping-taxable purchasable product-type-simple\">\n<div class=\"product-inner\">\n\t\n\t<div class=\"product-image\">\n\n\t\t<a  href=\"https:\/\/sahara.mk\/sq\/produkt\/nail-uv-lamp\/\">\n\t\t\t<div class=\"inner\"><img loading=\"lazy\" decoding=\"async\" width=\"300\" height=\"300\" src=\"https:\/\/sahara.mk\/wp-content\/uploads\/2022\/09\/uv-lamp-500x500-1-300x300.jpg\" class=\"wp-post-image\" alt=\"\" \/><\/div>\t\t<\/a>\n\t\t\t<div class=\"links-on-image\">\n\t\t\t<div class=\"add-links-wrap\">\n\t<div class=\"add-links clearfix\">\n\t\t<span href=\"?add-to-cart=5127\" data-quantity=\"1\" class=\"viewcart-style-3 button wp-element-button product_type_simple add_to_cart_button ajax_add_to_cart\" data-product_id=\"5127\" data-product_sku=\"\" aria-label=\"Shtojeni \u201cNail UV Lamp\u201d te shporta juaj\" rel=\"nofollow\" data-no-translation=\"\" data-trp-gettext=\"\" data-no-translation-aria-label=\"\">Shtoje n\u00eb shport\u00eb<\/span><div class=\"quickview\" data-id=\"5127\" title=\"Quick View\">Quick View<\/div>\t<\/div>\n\t<\/div>\n\t\t<\/div>\n\t\t\t<\/div>\n\n\t<div class=\"product-content\">\n\t\t<span class=\"category-list\"><a href=\"https:\/\/sahara.mk\/sq\/kategori-produkti\/manicure-pedicure\/\" rel=\"tag\">Manicure &amp; Pedicure<\/a><\/span>\n\t\t\t<a class=\"product-loop-title\"  href=\"https:\/\/sahara.mk\/sq\/produkt\/nail-uv-lamp\/\">\n\t<h3 class=\"woocommerce-loop-product__title\">Nail UV Lamp<\/h3>\t<\/a>\n\t\n\t\t\n\t\t\t<\/div>\n<\/div>\n<\/li>\n\n<li class=\"product-col product-outimage_aq_onimage product type-product post-5129 status-publish instock product_cat-manicure-pedicure has-post-thumbnail shipping-taxable purchasable product-type-simple\">\n<div class=\"product-inner\">\n\t\n\t<div class=\"product-image\">\n\n\t\t<a  href=\"https:\/\/sahara.mk\/sq\/produkt\/nail-uv-lamp-2\/\">\n\t\t\t<div class=\"inner\"><img loading=\"lazy\" decoding=\"async\" width=\"300\" height=\"300\" src=\"https:\/\/sahara.mk\/wp-content\/uploads\/2022\/09\/Lidan-New-Arrival-84W-D5-Max-Diamond-Shape-Design-Polish-Gel-Lamp-Fast-Drying-Nail-Dryer.jpg_640x640-300x300.jpg\" class=\"wp-post-image\" alt=\"\" \/><\/div>\t\t<\/a>\n\t\t\t<div class=\"links-on-image\">\n\t\t\t<div class=\"add-links-wrap\">\n\t<div class=\"add-links clearfix\">\n\t\t<span href=\"?add-to-cart=5129\" data-quantity=\"1\" class=\"viewcart-style-3 button wp-element-button product_type_simple add_to_cart_button ajax_add_to_cart\" data-product_id=\"5129\" data-product_sku=\"\" aria-label=\"Shtojeni \u201cNail UV Lamp\u201d te shporta juaj\" rel=\"nofollow\" data-no-translation=\"\" data-trp-gettext=\"\" data-no-translation-aria-label=\"\">Shtoje n\u00eb shport\u00eb<\/span><div class=\"quickview\" data-id=\"5129\" title=\"Quick View\">Quick View<\/div>\t<\/div>\n\t<\/div>\n\t\t<\/div>\n\t\t\t<\/div>\n\n\t<div class=\"product-content\">\n\t\t<span class=\"category-list\"><a href=\"https:\/\/sahara.mk\/sq\/kategori-produkti\/manicure-pedicure\/\" rel=\"tag\">Manicure &amp; Pedicure<\/a><\/span>\n\t\t\t<a class=\"product-loop-title\"  href=\"https:\/\/sahara.mk\/sq\/produkt\/nail-uv-lamp-2\/\">\n\t<h3 class=\"woocommerce-loop-product__title\">Nail UV Lamp<\/h3>\t<\/a>\n\t\n\t\t\n\t\t\t<\/div>\n<\/div>\n<\/li>\n<\/ul>\n<\/div><\/div>\t\t<\/div>\n\t\t\t\t<\/div>\n\t\t\t\t\t<\/div>\r\n\t\t\t\t<\/div>\r\n\t\t\t\t\t<\/div>\r\n\t\t\t\t<\/section>\r\n\t\t\t\t\t\t\t<\/div>","protected":false},"excerpt":{"rendered":"<p>Manicure &amp; Pedicure<\/p>","protected":false},"author":1,"featured_media":0,"parent":0,"menu_order":0,"comment_status":"closed","ping_status":"closed","template":"","meta":{"_joinchat":[],"footnotes":""},"class_list":["post-482","page","type-page","status-publish","hentry"],"_links":{"self":[{"href":"https:\/\/sahara.mk\/sq\/wp-json\/wp\/v2\/pages\/482","targetHints":{"allow":["GET"]}}],"collection":[{"href":"https:\/\/sahara.mk\/sq\/wp-json\/wp\/v2\/pages"}],"about":[{"href":"https:\/\/sahara.mk\/sq\/wp-json\/wp\/v2\/types\/page"}],"author":[{"embeddable":true,"href":"https:\/\/sahara.mk\/sq\/wp-json\/wp\/v2\/users\/1"}],"replies":[{"embeddable":true,"href":"https:\/\/sahara.mk\/sq\/wp-json\/wp\/v2\/comments?post=482"}],"version-history":[{"count":8,"href":"https:\/\/sahara.mk\/sq\/wp-json\/wp\/v2\/pages\/482\/revisions"}],"predecessor-version":[{"id":8212,"href":"https:\/\/sahara.mk\/sq\/wp-json\/wp\/v2\/pages\/482\/revisions\/8212"}],"wp:attachment":[{"href":"https:\/\/sahara.mk\/sq\/wp-json\/wp\/v2\/media?parent=482"}],"curies":[{"name":"wp","href":"https:\/\/api.w.org\/{rel}","templated":true}]}}