{"id":8190,"date":"2024-11-30T13:37:22","date_gmt":"2024-11-30T13:37:22","guid":{"rendered":"https:\/\/sahara.mk\/?post_type=product&#038;p=8190"},"modified":"2024-11-30T13:37:22","modified_gmt":"2024-11-30T13:37:22","slug":"sol-de-janerio-body-cream","status":"publish","type":"product","link":"https:\/\/sahara.mk\/mk\/produkt\/sol-de-janerio-body-cream\/","title":{"rendered":"Sol De Janerio Body Cream"},"content":{"rendered":"","protected":false},"excerpt":{"rendered":"<p>SMOOTHS &#038; TIGHTENS: Fast absorbing body cream for your bum bum, legs, tummy &#8211; and all over &#8211; contains Guaran\u00e1 to tighten and smooth the appearance of skin.<br \/>\nHYDRATES &#038; SOFTENS: Brazilian Beauty Blend of Cupua\u00e7u Butter, A\u00e7a\u00ed Oil, and Coconut Oil softens while a light mica shimmer creates an all-over highlighting gorgeous glow.<br \/>\nDELICIOUS FRAGRANCE: Pistachio and Salted Caramel fragranced body lotion cream. Non sticky and non greasy.<\/p>","protected":false},"featured_media":8194,"comment_status":"open","ping_status":"closed","template":"","meta":{"_joinchat":[]},"product_cat":[22,368],"product_tag":[],"class_list":["post-8190","product","type-product","status-publish","has-post-thumbnail","hentry","product_cat-body","product_cat-care-and-beauty"],"_links":{"self":[{"href":"https:\/\/sahara.mk\/mk\/wp-json\/wp\/v2\/product\/8190","targetHints":{"allow":["GET"]}}],"collection":[{"href":"https:\/\/sahara.mk\/mk\/wp-json\/wp\/v2\/product"}],"about":[{"href":"https:\/\/sahara.mk\/mk\/wp-json\/wp\/v2\/types\/product"}],"replies":[{"embeddable":true,"href":"https:\/\/sahara.mk\/mk\/wp-json\/wp\/v2\/comments?post=8190"}],"wp:featuredmedia":[{"embeddable":true,"href":"https:\/\/sahara.mk\/mk\/wp-json\/wp\/v2\/media\/8194"}],"wp:attachment":[{"href":"https:\/\/sahara.mk\/mk\/wp-json\/wp\/v2\/media?parent=8190"}],"wp:term":[{"taxonomy":"product_cat","embeddable":true,"href":"https:\/\/sahara.mk\/mk\/wp-json\/wp\/v2\/product_cat?post=8190"},{"taxonomy":"product_tag","embeddable":true,"href":"https:\/\/sahara.mk\/mk\/wp-json\/wp\/v2\/product_tag?post=8190"}],"curies":[{"name":"wp","href":"https:\/\/api.w.org\/{rel}","templated":true}]}}